{"id":116,"date":"2024-09-13T16:32:33","date_gmt":"2024-09-13T14:32:33","guid":{"rendered":"http:\/\/www.grazereisbaeren.at\/?page_id=116"},"modified":"2024-10-29T09:43:38","modified_gmt":"2024-10-29T08:43:38","slug":"impressum-2","status":"publish","type":"page","link":"https:\/\/www.grazereisbaeren.at\/index.php\/impressum-2\/","title":{"rendered":"Impressum"},"content":{"rendered":"\n<p>Alle hier verwendeten Namen, Begriffe, Zeichen und Grafiken k\u00f6nnen Marken- oder Warenzeichen im Besitze ihrer rechtlichen Eigent\u00fcmer sein. Die Rechte aller erw\u00e4hnten und benutzten Marken- und Warenzeichen liegen ausschlie\u00dflich bei deren Besitzern.<\/p>\n\n\n\n<p><strong>Verein EC Grazer Eisb\u00e4ren<\/strong><br>+43 664 15 22 849<br><a href=\"http:\/\/www.grazereisbaeren.at\/\">http:\/\/www.grazereisbaeren.at<\/a><br><a href=\"mailto:gerhard.lehmann@aon.at\">b.plank@gmx.at<\/a><\/p>\n\n\n\n<p><strong>Rechtliche Vertretung<\/strong><br>Bernhard Plank<\/p>\n\n\n\n<p><strong>F\u00fcr den Inhalt verantwortlich<\/strong><br>Claudio Canella<\/p>\n\n\n\n<p><strong>Weitere Informationen<br><\/strong><a href=\"http:\/\/www.grazereisbaeren.at\/index.php\/nutzungsbedingungen\/\" data-type=\"page\" data-id=\"75\">Nutzungsbedingungen<\/a><br><a href=\"http:\/\/www.grazereisbaeren.at\/index.php\/datenschutzerklaerung\/\" data-type=\"page\" data-id=\"3\">Datenschutz<\/a><\/p>\n\n\n\n<p><\/p>\n","protected":false},"excerpt":{"rendered":"<p>Alle hier verwendeten Namen, Begriffe, Zeichen und Grafiken k\u00f6nnen Marken- oder Warenzeichen im Besitze ihrer rechtlichen Eigent\u00fcmer sein. Die Rechte aller erw\u00e4hnten und benutzten Marken- und Warenzeichen liegen ausschlie\u00dflich bei deren Besitzern. Verein EC Grazer Eisb\u00e4ren+43 664 15 22 849http:\/\/www.grazereisbaeren.atb.plank@gmx.at Rechtliche VertretungBernhard Plank F\u00fcr den Inhalt verantwortlichClaudio Canella Weitere InformationenNutzungsbedingungenDatenschutz<\/p>\n","protected":false},"author":1,"featured_media":0,"parent":0,"menu_order":0,"comment_status":"closed","ping_status":"closed","template":"","meta":{"neve_meta_sidebar":"","neve_meta_container":"","neve_meta_enable_content_width":"","neve_meta_content_width":0,"neve_meta_title_alignment":"","neve_meta_author_avatar":"","neve_post_elements_order":"","neve_meta_disable_header":"","neve_meta_disable_footer":"","neve_meta_disable_title":"","footnotes":""},"class_list":["post-116","page","type-page","status-publish","hentry"],"_links":{"self":[{"href":"https:\/\/www.grazereisbaeren.at\/index.php\/wp-json\/wp\/v2\/pages\/116","targetHints":{"allow":["GET"]}}],"collection":[{"href":"https:\/\/www.grazereisbaeren.at\/index.php\/wp-json\/wp\/v2\/pages"}],"about":[{"href":"https:\/\/www.grazereisbaeren.at\/index.php\/wp-json\/wp\/v2\/types\/page"}],"author":[{"embeddable":true,"href":"https:\/\/www.grazereisbaeren.at\/index.php\/wp-json\/wp\/v2\/users\/1"}],"replies":[{"embeddable":true,"href":"https:\/\/www.grazereisbaeren.at\/index.php\/wp-json\/wp\/v2\/comments?post=116"}],"version-history":[{"count":4,"href":"https:\/\/www.grazereisbaeren.at\/index.php\/wp-json\/wp\/v2\/pages\/116\/revisions"}],"predecessor-version":[{"id":184,"href":"https:\/\/www.grazereisbaeren.at\/index.php\/wp-json\/wp\/v2\/pages\/116\/revisions\/184"}],"wp:attachment":[{"href":"https:\/\/www.grazereisbaeren.at\/index.php\/wp-json\/wp\/v2\/media?parent=116"}],"curies":[{"name":"wp","href":"https:\/\/api.w.org\/{rel}","templated":true}]}}